{"id":441,"date":"2023-01-21T08:55:04","date_gmt":"2023-01-21T08:55:04","guid":{"rendered":"https:\/\/21medien.net\/we-love-gaming\/?page_id=441"},"modified":"2023-01-21T08:55:04","modified_gmt":"2023-01-21T08:55:04","slug":"allgemeine-geschaeftsbedingungen","status":"publish","type":"page","link":"https:\/\/we-love.network\/we-love-money\/allgemeine-geschaeftsbedingungen\/","title":{"rendered":"Allgemeine Gesch\u00e4ftsbedingungen"},"content":{"rendered":"<p>[et_pb_section fb_built=&#8220;1&#8243; theme_builder_area=&#8220;post_content&#8220; _builder_version=&#8220;4.19.4&#8243; _module_preset=&#8220;default&#8220; custom_padding=&#8220;6px|||||&#8220;][et_pb_row _builder_version=&#8220;4.19.4&#8243; _module_preset=&#8220;default&#8220; theme_builder_area=&#8220;post_content&#8220;][et_pb_column _builder_version=&#8220;4.19.4&#8243; _module_preset=&#8220;default&#8220; type=&#8220;4_4&#8243; theme_builder_area=&#8220;post_content&#8220;][et_pb_text _builder_version=&#8220;4.19.4&#8243; _module_preset=&#8220;default&#8220; theme_builder_area=&#8220;post_content&#8220; hover_enabled=&#8220;0&#8243; sticky_enabled=&#8220;0&#8243;]<\/p>\n<h1>Allgemeine Gesch\u00e4ftsbedingungen<\/h1>\n<section>\n<div class=\"container\">\n<div class=\"page-content\">\n<p>Nutzungsbedingungen von WE LOVE Gaming \/ WE LOVE NEWS<br \/>G\u00fcltig ab 01. Oktober 2022<\/p>\n<p>BITTE LESEN SIE DIESE NUTZUNGSBEDINGUNGEN SORGF\u00c4LTIG ZUSAMMEN MIT DER DATENSCHUTZERKL\u00c4RUNG UND SONSTIGEN RICHTLINIEN ODER VEREINBARUNGEN, AUF DIE IN DIESEN NUTZUNGSBEDINGUNGEN VERWIESEN WIRD,<br \/>BEVOR SIE DIE LEISTUNGEN UND DIENSTE (WIE UNTEN BESCHRIEBEN) NUTZEN.<\/p>\n<p>Beschreibung der Unternehmensdienste sowie die Annahme der Nutzungsbedingungen &#8211; einschlie\u00dflich der Schlichtung von Streitigkeiten.<\/p>\n<p>Die Nutzung von WE LOVE NEWS (im folgenden \u201eUnternehmen, \u201ewir\u201c oder \u201euns\u201c) und allen damit verbundenen Diensten und Leistungen unterliegt den folgenden Nutzungsbedingungen. Dies gilt sowohl f\u00fcr alle Website-Angebote, Digitalen Produkte, als auch der diversen Apps und allen mobilen Anwendungen des Unternehmens sowie andere Inhalte und Dienste, die mit diesen Nutzungsbedingungen verbunden sind.<\/p>\n<p>Zu den Diensten, die WE LOVE NEWS digital \/ online bereitstellt, geh\u00f6ren Nachrichten- und Videodienste, RRS-Feeds, mobile Dienste, Sprach-Dienste, Kurznachrichtendienste, Whatsapp-Kan\u00e4le, Telegram und Signal und viele weitere.<\/p>\n<p>Das Unternehmen hat seinen Sitz in Deutschland und die Unternehmensdienste werden auch in Deutschland gehostet. WE LOVE NEWS stellt ein breites Format an Informationen und Dienste f\u00fcr eine breite Nutzerschicht zur Verf\u00fcgung.<\/p>\n<p>Durch den Besuch der Unternehmensseiten \u2013 ob als registrierter User oder nicht registrierter User &#8211; akzeptieren Sie diese Nutzungsbestimmungen und stimmen diesen, einschlie\u00dflich aller zuk\u00fcnftigen \u00c4nderungen, zu. Bitte lesen Sie diese Nutzungsbedingungen sogf\u00e4ltig. Wir k\u00f6nnen diese Vereinbarung jederzeit \u00e4ndern, und jede dieser \u00c4nderungen tritt mit der Ver\u00f6ffentlichung auf den Unternehmensseiten in Kraft. Eine weitere Nutzung nach einer \u00c4nderung stellt Ihre Annahme und Ihr Einverst\u00e4ndnis dar. Daher pr\u00fcfen Sie bitte regelm\u00e4\u00dfig die Nutzungsbedingungen.<br \/>Sollten Sie nicht damit einverstanden sein, bitten wir Sie unsere Dienste nicht zu nutzen.<\/p>\n<p>Ihr Zugriff auf und Ihre Nutzung bestimmter Dienste unterliegt dieser Vereinbarung. Ebenso unsere Datenschutzrichtlinie. Einige Dienste erfordern zus\u00e4tzliche Vereinbarungen.<\/p>\n<p>Konto und Sicherheit<br \/>Sie \u00fcbernehmen die volle Verantwortung f\u00fcr Ihr Handeln und die Interaktion auf unserem Digitalangebot. \u00a0F\u00fcr die Nutzung bestimmter Funktionen m\u00fcssen Sie sich m\u00f6glicherweise auf der Website registrieren und\/oder einen Benutzernamen und ein Passwort ausw\u00e4hlen. Alle Registrierungsinformationen, die Sie zum Erstellen eines Kontos \u00fcbermitteln, m\u00fcssen der Wahrheit entsprechen und aktuell sein. Verst\u00f6\u00dfe k\u00f6nnen zur K\u00fcndigung der Vereinbarung f\u00fchren. Wir behalten uns das Recht vor, Benutzerkonten nach eigenem billigem Ermessen abzulehnen oder auch zu l\u00f6schen. Sie stimmen zu, keine weiteren Versuche zu unternehmen auf einem anderen Wege unsere Leistungen zu nutzen oder ein Konto zu erstellen.<\/p>\n<p>F\u00fcr die Sicherheit Ihres Kontos (Passwort \/ Zugangsname) sind Sie selbst verantwortlich. Sie stimmen zu, diese Daten weder weiter zu geben, noch zug\u00e4nglich zu machen. Verst\u00f6\u00dfe oder Unregelm\u00e4\u00dfigkeiten sind uns direkt zu melden.<\/p>\n<p>Nutzung<br \/>Alle Informationen sind ausschlie\u00dflich f\u00fcr den nicht kommerziellen Gebrauch. Wir behalten uns jederzeit \u00c4nderungen vor. Das Angebot kann jederzeit Eingeschr\u00e4nkt oder auch erweitert werden. Es wird keine generelle Zug\u00e4nglichkeit garantiert. Aus der Nichterreichbarkeit heraus ergibt sich kein Anspruch auf jedwede Haftung.<\/p>\n<p>Kinder d\u00fcrfen unsere Dienste nur mit ausdr\u00fccklicher Zustimmung Ihrer Eltern oder Ihres Vormunds nutzen. Wenn Sie alle Dienste nutzen m\u00f6chten, m\u00fcssen Sie sicherstellen, dass alle User des Profils mindestens 18 Jahre alt sind (oder das in Ihrem Land geltende Alter der Vollj\u00e4hrigkeit erreicht haben).<\/p>\n<p>Beendigung<br \/>Sofern wir die Vereinbarung nicht nach billigem Ermessen k\u00fcndigen, bleibt diese Vereinbarung in vollem Umfang in Kraft, solange Sie unsere Dienste nutzen. Sie k\u00f6nnen Ihren Account jederzeit und ohne Angabe von Gr\u00fcnden k\u00fcndigen, indem Sie eine E-Mail an kuendigung@we-love.news senden, Betreff: \u201eKonto k\u00fcndigen\u201c.<br \/>Wir k\u00f6nnen Ihr Konto und\/oder den Zugang zu allen Diensten jederzeit \u2013 und ohne Angabe von Gr\u00fcnden &#8211; mit oder ohne vorherige Ank\u00fcndigung oder Erkl\u00e4rung k\u00fcndigen. Eine Haftung besteht hier nicht.<\/p>\n<p>Abo \u2013 Premium-Account<br \/>Wir behalten uns das Recht vor, Abonnementgeb\u00fchren f\u00fcr digitale Leistungen zu erheben. Wir werden hierzu rechtzeitig informieren. Sollten Sie keine Premium-Leistungen, Abo-Modelle oder digitale Bezahlleistungen in Anspruch nehmen wollen, sind sie dazu auch nicht verpflichtet. Die Dienste stehen Ihnen dann nicht zur Verf\u00fcgung. Sollten Sie die jeweiligen Dienste nutzen wollen, \u00a0stimmen Sie der Abonnementgeb\u00fchr oder deren Erh\u00f6hung ausdr\u00fccklich zu und sind zur Zahlung verpflichtet. \u00a0Sollten Sie bei der Nutzung gegen geltendes Recht versto\u00dfen, und der Account wird gesperrt, besteht kein Anspruch auf R\u00fcckerstattung bereits gezahlter Beitr\u00e4ge.<\/p>\n<p>Kauf von digitalen Premium-Produkten \/ Abo<br \/>Im Zusammenhang mit dem Kauf digitalen Produkten innerhalb der digitalen Umgebung werden unter Umst\u00e4nden pers\u00f6nliche Daten erhoben und verarbeitet. Diese erfolgt auf Grundlage der Datenschutzbestimmungen.<\/p>\n<p>Die Haftung f\u00fcr eventuelle Sch\u00e4den oder Verluste wird dabei ausgeschlossen. Weder werden Gew\u00e4hrleistungen \u00fcbernommen, noch R\u00fcckerstattungen bei eventuellen Zahlungen.<br \/>Urheberrecht \/ Eigentum Bild, Ton, Video, Software<br \/>Alle angebotenen Inhalte unterliegen dem Urheberrecht und d\u00fcrfen weder f\u00fcr private, und insbesondere nicht f\u00fcr kommerzielle Zwecke \u2013 auch nicht auszugsweise &#8211; verwendet werden.<br \/>Ohne schriftliche Genehmigung ist auch das \u201eSpiegeln\u201c der Inhalte, sowie das Kopieren untersagt.<br \/>Die Inhalte d\u00fcrfen auch nicht verfremdet genutzt werden.<\/p>\n<p>Haftung f\u00fcr eigene Inhalte<br \/>Der User ist f\u00fcr alle selbst geposteten Inhalte (Text, Bilder, Videos usw.) selbst verantwortlich und stellt das Unternehmen von jedweder Haftung frei.<\/p>\n<p>Nicht erlaubt sind insbesondere:<\/p>\n<p>Hassrede<br \/>Rechtswidrige Inhalte jeglicher Art<br \/>Sexuelle\/Pornografische \u00a0Inhalte<br \/>Werbung jeglicher Art<br \/>Verletzung der Rechte Dritte (z.B. Copyright \/ Marken)<br \/>Bel\u00e4stigung \/ Ehrverletzung<br \/>Ausgabe als eine andere Person<br \/>Jegliche Form von Hacking, Scam, Spam<br \/>Spendenaufrufe<br \/>Politische Werbung<br \/>Verletzung Pers\u00f6nlichkeitsrecht<br \/>Aufruf zu Straftaten<\/p>\n<p>Wir behalten uns das Recht vor, jeglichen Inhalt nach billigem Ermessen zu l\u00f6schen \u2013 und entsprechende Inhalte auch an Ermittlungsbeh\u00f6rden (im Falle einer m\u00f6glichen Straftat) weiter zu leiten. Auch behalten wir uns vor, in solchen F\u00e4llen, den User direkt zu sperren und die Nutzerkonten zu l\u00f6schen.<\/p>\n<p>F\u00fcr Datenanfragen durch Ermittlungsbeh\u00f6rden gelten die gesetzlichen Regelungen der BRD.<\/p>\n<p>\u00d6ffentliche Nutzerinhalte<br \/>Alle Ver\u00f6ffentlichungen der User erfolgen auf eigenes Risiko. Wir weisen ausdr\u00fccklich darauf hin, dass die geposteten Inhalte frei zug\u00e4nglich sind. Wir sind nicht verantwortlich f\u00fcr die geposteten Inhalte und der User stellt das Unternehmen von jeder Haftung frei.<\/p>\n<p>Markenrechte, Urheberrechte, Eigentumsrechte, Lizenzrechte bei Nutzerinhalt<br \/>Wir beanspruchen keinerlei Eigentumsrechte an den Inhalten der Nutzer, die diese posten, hochladen, \u00fcbertragen, versenden, oder auf anderen Wegen Verf\u00fcgbar machen.<\/p>\n<p>Durch das Ver\u00f6ffentlichen\/\u00dcbertragen von Nutzerinhalten auf, durch oder in Verbindung mit den von uns bereit gestellten Diensten, \u00a0gew\u00e4hren Sie uns \u2013 und den Partnerunternehmen &#8211; ein weltweites, unbefristetes, unwiderrufliches, nicht exklusives, vollst\u00e4ndig bezahltes und geb\u00fchrenfreies, frei unterlizenzierbares, (ganz oder teilweise) \u00fcbertragbares Recht (einschlie\u00dflich aller Urheberpers\u00f6nlichkeitsrechte) und Lizenz zur Nutzung, \u00c4nderung, Ausz\u00fcgen, Anpassung, Ver\u00f6ffentlichung, \u00dcbersetzung, Erstellung abgeleiteter Werke und Zusammenstellungen darauf, \u00f6ffentliche Auff\u00fchrung, \u00f6ffentliche Ausstellung , solche Benutzerinhalte, einschlie\u00dflich Ihres Namens, Ihrer Stimme, Ihres Bildes und anderer pers\u00f6nlich identifizierbarer Informationen, in dem Umfang, in dem diese in Benutzerinhalten enthalten sind, \u00fcberall, in jeglicher Form und auf und durch alle Medienformate, die jetzt oder sp\u00e4ter bekannt sind, zu reproduzieren, unterzulizenzieren und zu verteilen entwickelt, f\u00fcr alle Zwecke, einschlie\u00dflich, aber nicht beschr\u00e4nkt auf, Werbe-, Marketing-, Handels- oder nichtkommerzielle oder kommerzielle Zwecke.<br \/>Dar\u00fcber hinaus steht es uns frei, Ideen, Konzepte, Know-how oder Techniken, die in solchen Benutzerinhalten enthalten sind, f\u00fcr beliebige Zwecke zu verwenden, einschlie\u00dflich, aber nicht beschr\u00e4nkt auf, Entwicklung, Herstellung, Marketing und Bereitstellung kommerzieller Produkte und Dienstleistungen, einschlie\u00dflich der eigenen Dienstleistungen.<br \/>F\u00fcr die Nutzung ben\u00f6tigen wir keine weitere Benachrichtigung oder Zuweisung an Sie, und eine solche Nutzung erfolgt ohne das Erfordernis einer Genehmigung oder einer Zahlung an Sie oder eine andere nat\u00fcrliche oder juristische Person.<br \/>Sie ernennen das Unternehmen hiermit zu Ihrem Vertreter mit voller Vollmacht, alle Dokumente auszuf\u00fchren oder alle Ma\u00dfnahmen zu ergreifen, die das Unternehmen f\u00fcr angemessen h\u00e4lt, um die Rechte zu best\u00e4tigen, die Sie dem Unternehmen in dieser Vereinbarung gew\u00e4hren.<br \/>Ferner versichern und garantieren, dass Sie Eigent\u00fcmer der von Ihnen auf, durch oder in Verbindung mit den Unternehmensdiensten \u00fcbertragenen Nutzerinhalte sind oder anderweitig das Recht haben, die in diesem Abschnitt dargelegte Lizenz zu gew\u00e4hren, sowie die \u00dcbertragung von Benutzerinhalte von Ihnen auf, durch oder in Verbindung mit den Unternehmensdiensten und Diensten Dritter verletzen nicht die Datenschutzrechte, Ver\u00f6ffentlichungsrechte, Urheberrechte, Vertragsrechte oder andere Rechte einer nat\u00fcrlichen oder juristischen Person. Sie erkl\u00e4ren sich damit einverstanden, alle Lizenzgeb\u00fchren, Geb\u00fchren und sonstigen Gelder zu zahlen, die einer nat\u00fcrlichen oder juristischen Person aufgrund der Nutzung von Nutzerinhalten, die von Ihnen auf oder \u00fcber die Unternehmensdienste oder Dienste von Drittanbietern \u00fcbertragen werden, geschuldet werden.<br \/>Wenn Sie Ihre Nutzerinhalte von den Unternehmensseiten l\u00f6schen, beh\u00e4lt sich das Unternehmen in dem Umfang, in dem das Unternehmen Ihre Benutzerinhalte verwendet hat, bevor Sie sie gel\u00f6scht haben, das Recht vor, solche bereits bestehenden Nutzungen vorzunehmen, auch nachdem Ihre Benutzerinhalte gel\u00f6scht wurden. Sie erkennen an, dass das L\u00f6schen Ihrer Nutzerinhalte von den Unternehmensseiten nicht zur L\u00f6schung solcher Benutzerinhalte durch Dritte f\u00fchrt und das Unternehmen keine Verantwortung daf\u00fcr \u00fcbernimmt, die zuvor mit solchen Benutzerinhalten versorgt wurden oder darauf Zugriff hatten Ihre L\u00f6schung von den Unternehmensseiten und das dies zur K\u00fcndigung Ihres Kontos oder Ihre Nutzung der Unternehmensdienste f\u00fchrt nicht zur sofortigen oder automatischen L\u00f6schung Ihrer Benutzerinhalte im Einklang mit dieser Vereinbarung.<\/p>\n<p>Entfernung von Inhalten bei Versto\u00df gegen das Urheberrecht<\/p>\n<p>Wir respektiert das geistige Eigentum anderer und verlangt, dass unsere Nutzer dasselbe tun. Wir haben hier eine Null-Toleranz-Politik und Verst\u00f6\u00dfe f\u00fchren automatisch zum L\u00f6schen der Inhalte, des entsprechenden Accounts, sowie zu einer Sperre des selbigen.<\/p>\n<p>Was tun bei Urheberrechtsverletzung<br \/>Sollten Sie der Meinung sein, es liegt ein Urheberrechtsversto\u00df vor, lassen Sie es uns bitte sofort wissen. Meldungen bitte direkt an:<\/p>\n<p>Rechtsanwaltskanzlei Sprenger<br \/>Inhaber: Rechtsanwalt Dominik Sprenger<br \/>Kurf\u00fcrstenwall 19<br \/>45657 Recklinghausen<br \/>Fon:+49 (0) 2361 90855 0<br \/>Fax:+49 (0) 2361 9085511<br \/>E-Mail unter:<br \/>https:\/\/www.kanzlei-sprenger.de\/#container18<\/p>\n<p>Nutzerinhalte<br \/>Die von Nutzern geposteten Inhalte werden nicht kontrolliert. Wir \u00fcbernehmen keine Verantwortung oder Haftung f\u00fcr diese Art von Inhalten. Sollte Sie der Meinung sein, dass ein \u00a0Inhalt nicht \u00f6ffentlich zug\u00e4nglich gemacht werden sollte, weil er gegen die Nutzerregelungen verst\u00f6\u00dft, melden sie diese bitte direkt \u00fcber die \u201eMeldefunktion\u201c oder direkt per Mail an meldung@we-love.news<\/p>\n<p>Links und Dienste von Drittanbietern<br \/>Die Dienste des Unternehmens oder Dritte k\u00f6nnen Links zu anderen Websites, Anwendungen, Ressourcen oder anderen Diensten bereitstellen, die von Dritten erstellt wurden (\u201eDienste Dritter\u201c). Wenn Sie mit einem Anbieter eines Drittanbieterdienstes zusammenarbeiten, interagieren Sie mit dem Drittanbieter, nicht mit uns.<br \/>Wenn Sie sich daf\u00fcr entscheiden, einen Drittanbieterdienst zu nutzen und Informationen mit ihm zu teilen, kann der Anbieter des Drittanbieterdienstes Ihre Daten in \u00dcbereinstimmung mit seiner Datenschutzrichtlinie und Ihren Datenschutzeinstellungen f\u00fcr diesen Drittanbieterdienst verwenden und weitergeben.<br \/>Wir empfehlen Ihnen, keine pers\u00f6nlich identifizierbaren Informationen an oder \u00fcber Drittanbieterdienste bereitzustellen.<\/p>\n<p>WE \u2665<br \/>Das Firmenlogo und andere Marken, Grafiken, Logos, Skripte, Tools des Unternehmens sind Warenzeichen des Unternehmens. Keine der Marken des Unternehmens darf kopiert, heruntergeladen oder anderweitig genutzt werden.<\/p>\n<p>DATENSCHUTZ<\/p>\n<p>Alle Information finden Sie hier:<br \/>https:\/\/we-love.news\/de\/datenschutz<\/p>\n<p>Geltendes Recht und Haftung<\/p>\n<p>Die Vereinbarung unterliegt den Gesetzen der BRD. Das Unternehmen lehnt jegliche Form der Haftung ab.<\/p>\n<p>Meldungen<br \/>Wenn Sie Verst\u00f6\u00dfe feststellen, w\u00fcrden wir uns freuen, wenn Sie uns dies hier mitteilen w\u00fcrden unter versto\u00df@we-love.news<\/p>\n<p>Salvatorische Klausel<br \/>Sollten einzelne Bestimmungen dieses Vertrages unwirksam sein oder werden, so ber\u00fchrt dies nicht die Wirksamkeit der \u00fcbrigen Bestimmungen. Die Vertragsparteien vereinbaren, f\u00fcr den Fall der Nichtigkeit einzelner Bestimmungen dieses Vertrages eine einvernehmliche Regelung zu treffen, die den wohlverstandenen wirtschaftlichen Interessen der Vertragsparteien am n\u00e4chsten kommt. Gleiches gilt f\u00fcr den Fall einer Regelungsl\u00fccke.<\/p>\n<p>ICH HABE DIESEN VERTRAG GELESEN UND STIMME ALLEN OBEN ENTHALTENEN BESTIMMUNGEN ZU.<\/p>\n<\/div>\n<\/div>\n<\/section>\n<p>[\/et_pb_text][\/et_pb_column][\/et_pb_row][\/et_pb_section]<\/p>\n","protected":false},"excerpt":{"rendered":"<p>Allgemeine Gesch\u00e4ftsbedingungen Nutzungsbedingungen von WE LOVE Gaming \/ WE LOVE NEWSG\u00fcltig ab 01. Oktober 2022 BITTE LESEN SIE DIESE NUTZUNGSBEDINGUNGEN SORGF\u00c4LTIG ZUSAMMEN MIT DER DATENSCHUTZERKL\u00c4RUNG UND SONSTIGEN RICHTLINIEN ODER VEREINBARUNGEN, AUF DIE IN DIESEN NUTZUNGSBEDINGUNGEN VERWIESEN WIRD,BEVOR SIE DIE LEISTUNGEN UND DIENSTE (WIE UNTEN BESCHRIEBEN) NUTZEN. Beschreibung der Unternehmensdienste sowie die Annahme der Nutzungsbedingungen &#8211; [&hellip;]<\/p>\n","protected":false},"author":43,"featured_media":0,"parent":0,"menu_order":0,"comment_status":"closed","ping_status":"closed","template":"","meta":{"_et_pb_use_builder":"on","_et_pb_old_content":"<!-- wp:divi\/placeholder \/-->","_et_gb_content_width":"","footnotes":""},"class_list":["post-441","page","type-page","status-publish","hentry"],"_links":{"self":[{"href":"https:\/\/we-love.network\/we-love-money\/wp-json\/wp\/v2\/pages\/441","targetHints":{"allow":["GET"]}}],"collection":[{"href":"https:\/\/we-love.network\/we-love-money\/wp-json\/wp\/v2\/pages"}],"about":[{"href":"https:\/\/we-love.network\/we-love-money\/wp-json\/wp\/v2\/types\/page"}],"author":[{"embeddable":true,"href":"https:\/\/we-love.network\/we-love-money\/wp-json\/wp\/v2\/users\/43"}],"replies":[{"embeddable":true,"href":"https:\/\/we-love.network\/we-love-money\/wp-json\/wp\/v2\/comments?post=441"}],"version-history":[{"count":0,"href":"https:\/\/we-love.network\/we-love-money\/wp-json\/wp\/v2\/pages\/441\/revisions"}],"wp:attachment":[{"href":"https:\/\/we-love.network\/we-love-money\/wp-json\/wp\/v2\/media?parent=441"}],"curies":[{"name":"wp","href":"https:\/\/api.w.org\/{rel}","templated":true}]}}