{"id":445,"date":"2023-01-21T08:55:32","date_gmt":"2023-01-21T08:55:32","guid":{"rendered":"https:\/\/21medien.net\/we-love-gaming\/?page_id=445"},"modified":"2023-01-21T08:55:32","modified_gmt":"2023-01-21T08:55:32","slug":"impressum","status":"publish","type":"page","link":"https:\/\/we-love.network\/we-love-money\/impressum\/","title":{"rendered":"Impressum"},"content":{"rendered":"<p>[et_pb_section fb_built=&#8220;1&#8243; theme_builder_area=&#8220;post_content&#8220; _builder_version=&#8220;4.19.4&#8243; _module_preset=&#8220;default&#8220; custom_padding=&#8220;9px|||||&#8220;][et_pb_row _builder_version=&#8220;4.19.4&#8243; _module_preset=&#8220;default&#8220; theme_builder_area=&#8220;post_content&#8220; hover_enabled=&#8220;0&#8243; sticky_enabled=&#8220;0&#8243;][et_pb_column _builder_version=&#8220;4.19.4&#8243; _module_preset=&#8220;default&#8220; type=&#8220;4_4&#8243; theme_builder_area=&#8220;post_content&#8220;][et_pb_text _builder_version=&#8220;4.19.4&#8243; _module_preset=&#8220;default&#8220; theme_builder_area=&#8220;post_content&#8220; hover_enabled=&#8220;0&#8243; sticky_enabled=&#8220;0&#8243;]<\/p>\n<h1>Impressum<\/h1>\n<p><strong><br \/>Angaben gem\u00e4\u00df \u00a7 5 TMG<\/strong><\/p>\n<p>ITNT Select UG (haftungsbeschr\u00e4nkt)<br \/>Borkener Str. 64<br \/>46284 Dorsten<\/p>\n<p>Handelsregister: HRB 11417<br \/>Registergericht: AG Gelsenkirchen<\/p>\n<p><strong>Vertreten durch:<\/strong><br \/>Gesch\u00e4ftsf\u00fchrer: Marco Rolof<br \/>Prokura: Monika Rolof<\/p>\n<p><strong>Kontakt<\/strong><\/p>\n<p>Telefon: 02362 605525<br \/>Telefax: 02362 605529<br \/>E-Mail: info@itnt-select.de<\/p>\n<p><strong>Umsatzsteuer-ID<\/strong><\/p>\n<p>Umsatzsteuer-Identifikationsnummer gem\u00e4\u00df \u00a7 27 a Umsatzsteuergesetz:<br \/>DE 282 609 519<\/p>\n<p>Verbraucher\u00adstreit\u00adbeilegung\/Universal\u00adschlichtungs\u00adstelle<\/p>\n<p>Wir sind nicht bereit oder verpflichtet, an Streitbeilegungsverfahren vor einer Verbraucherschlichtungsstelle teilzunehmen.<\/p>\n<p>[\/et_pb_text][\/et_pb_column][\/et_pb_row][\/et_pb_section]<\/p>\n","protected":false},"excerpt":{"rendered":"<p>Impressum Angaben gem\u00e4\u00df \u00a7 5 TMG ITNT Select UG (haftungsbeschr\u00e4nkt)Borkener Str. 6446284 Dorsten Handelsregister: HRB 11417Registergericht: AG Gelsenkirchen Vertreten durch:Gesch\u00e4ftsf\u00fchrer: Marco RolofProkura: Monika Rolof Kontakt Telefon: 02362 605525Telefax: 02362 605529E-Mail: info@itnt-select.de Umsatzsteuer-ID Umsatzsteuer-Identifikationsnummer gem\u00e4\u00df \u00a7 27 a Umsatzsteuergesetz:DE 282 609 519 Verbraucher\u00adstreit\u00adbeilegung\/Universal\u00adschlichtungs\u00adstelle Wir sind nicht bereit oder verpflichtet, an Streitbeilegungsverfahren vor einer Verbraucherschlichtungsstelle teilzunehmen.<\/p>\n","protected":false},"author":43,"featured_media":0,"parent":0,"menu_order":0,"comment_status":"closed","ping_status":"closed","template":"","meta":{"_et_pb_use_builder":"on","_et_pb_old_content":"<!-- wp:divi\/placeholder \/-->","_et_gb_content_width":"","footnotes":""},"class_list":["post-445","page","type-page","status-publish","hentry"],"_links":{"self":[{"href":"https:\/\/we-love.network\/we-love-money\/wp-json\/wp\/v2\/pages\/445","targetHints":{"allow":["GET"]}}],"collection":[{"href":"https:\/\/we-love.network\/we-love-money\/wp-json\/wp\/v2\/pages"}],"about":[{"href":"https:\/\/we-love.network\/we-love-money\/wp-json\/wp\/v2\/types\/page"}],"author":[{"embeddable":true,"href":"https:\/\/we-love.network\/we-love-money\/wp-json\/wp\/v2\/users\/43"}],"replies":[{"embeddable":true,"href":"https:\/\/we-love.network\/we-love-money\/wp-json\/wp\/v2\/comments?post=445"}],"version-history":[{"count":0,"href":"https:\/\/we-love.network\/we-love-money\/wp-json\/wp\/v2\/pages\/445\/revisions"}],"wp:attachment":[{"href":"https:\/\/we-love.network\/we-love-money\/wp-json\/wp\/v2\/media?parent=445"}],"curies":[{"name":"wp","href":"https:\/\/api.w.org\/{rel}","templated":true}]}}